{"id":54,"date":"2023-07-02T08:42:03","date_gmt":"2023-07-02T08:42:03","guid":{"rendered":"https:\/\/hidrocultivo.online\/?page_id=54"},"modified":"2023-07-02T21:13:10","modified_gmt":"2023-07-02T19:13:10","slug":"productos","status":"publish","type":"page","link":"https:\/\/hidrocultivo.online\/?page_id=54","title":{"rendered":"Productos"},"content":{"rendered":"\n<ul class=\"wp-block-list\">\n<li><a href=\"https:\/\/hidrocultivo.online\/?page_id=104\" data-type=\"page\" data-id=\"104\">Accesorios<\/a><\/li>\n\n\n\n<li><a href=\"https:\/\/hidrocultivo.online\/?page_id=108\" data-type=\"page\" data-id=\"108\">Bombas de agua<\/a><\/li>\n\n\n\n<li><a href=\"https:\/\/hidrocultivo.online\/?page_id=96\" data-type=\"page\" data-id=\"96\">Iluminaci\u00f3n<\/a><\/li>\n\n\n\n<li><a href=\"https:\/\/hidrocultivo.online\/?page_id=17\" data-type=\"page\" data-id=\"17\">Kits completos<\/a><\/li>\n\n\n\n<li><a href=\"https:\/\/hidrocultivo.online\/?page_id=91\" data-type=\"page\" data-id=\"91\">Huerto de  interior<\/a><\/li>\n\n\n\n<li><a href=\"https:\/\/hidrocultivo.online\/?page_id=112\" data-type=\"page\" data-id=\"112\">Medios de cultivo<\/a><\/li>\n\n\n\n<li><a href=\"https:\/\/hidrocultivo.online\/?page_id=110\" data-type=\"page\" data-id=\"110\">Medidores pH y Ec<\/a><\/li>\n\n\n\n<li><a href=\"https:\/\/hidrocultivo.online\/?page_id=100\" data-type=\"page\" data-id=\"100\">Nutrientes<\/a><\/li>\n\n\n\n<li><a href=\"https:\/\/hidrocultivo.online\/?page_id=114\" data-type=\"page\" data-id=\"114\">Plantas de cultivo<\/a><\/li>\n\n\n\n<li><a href=\"https:\/\/hidrocultivo.online\/?page_id=116\" data-type=\"page\" data-id=\"116\">Semillas<\/a><\/li>\n<\/ul>\n","protected":false},"excerpt":{"rendered":"","protected":false},"author":1,"featured_media":0,"parent":0,"menu_order":0,"comment_status":"closed","ping_status":"closed","template":"","meta":{"footnotes":""},"class_list":["post-54","page","type-page","status-publish","hentry","entry"],"yoast_head":"<!-- This site is optimized with the Yoast SEO plugin v26.3 - https:\/\/yoast.com\/wordpress\/plugins\/seo\/ -->\n<title>Productos - Hidroponia - cultivo con agua<\/title>\n<meta name=\"robots\" content=\"index, follow, max-snippet:-1, max-image-preview:large, max-video-preview:-1\" \/>\n<link rel=\"canonical\" href=\"https:\/\/hidrocultivo.online\/?page_id=54\" \/>\n<meta property=\"og:locale\" content=\"es_ES\" \/>\n<meta property=\"og:type\" content=\"article\" \/>\n<meta property=\"og:title\" content=\"Productos - Hidroponia - cultivo con agua\" \/>\n<meta property=\"og:url\" content=\"https:\/\/hidrocultivo.online\/?page_id=54\" \/>\n<meta property=\"og:site_name\" content=\"Hidroponia - cultivo con agua\" \/>\n<meta property=\"article:modified_time\" content=\"2023-07-02T19:13:10+00:00\" \/>\n<meta name=\"twitter:card\" content=\"summary_large_image\" \/>\n<script type=\"application\/ld+json\" class=\"yoast-schema-graph\">{\"@context\":\"https:\/\/schema.org\",\"@graph\":[{\"@type\":\"WebPage\",\"@id\":\"https:\/\/hidrocultivo.online\/?page_id=54\",\"url\":\"https:\/\/hidrocultivo.online\/?page_id=54\",\"name\":\"Productos - Hidroponia - cultivo con agua\",\"isPartOf\":{\"@id\":\"https:\/\/hidrocultivo.online\/#website\"},\"datePublished\":\"2023-07-02T08:42:03+00:00\",\"dateModified\":\"2023-07-02T19:13:10+00:00\",\"breadcrumb\":{\"@id\":\"https:\/\/hidrocultivo.online\/?page_id=54#breadcrumb\"},\"inLanguage\":\"es\",\"potentialAction\":[{\"@type\":\"ReadAction\",\"target\":[\"https:\/\/hidrocultivo.online\/?page_id=54\"]}]},{\"@type\":\"BreadcrumbList\",\"@id\":\"https:\/\/hidrocultivo.online\/?page_id=54#breadcrumb\",\"itemListElement\":[{\"@type\":\"ListItem\",\"position\":1,\"name\":\"Portada\",\"item\":\"https:\/\/hidrocultivo.online\/\"},{\"@type\":\"ListItem\",\"position\":2,\"name\":\"Productos\"}]},{\"@type\":\"WebSite\",\"@id\":\"https:\/\/hidrocultivo.online\/#website\",\"url\":\"https:\/\/hidrocultivo.online\/\",\"name\":\"Hidroponia - Cultivo con agua\",\"description\":\"Descubre nuestra tienda online de jardiner\u00eda hidrop\u00f3nica, donde encontrar\u00e1s todo lo necesario para cultivar plantas de manera eficiente y sostenible. \u00a1Haz crecer tu propio para\u00edso verde!\",\"publisher\":{\"@id\":\"https:\/\/hidrocultivo.online\/#organization\"},\"potentialAction\":[{\"@type\":\"SearchAction\",\"target\":{\"@type\":\"EntryPoint\",\"urlTemplate\":\"https:\/\/hidrocultivo.online\/?s={search_term_string}\"},\"query-input\":{\"@type\":\"PropertyValueSpecification\",\"valueRequired\":true,\"valueName\":\"search_term_string\"}}],\"inLanguage\":\"es\"},{\"@type\":\"Organization\",\"@id\":\"https:\/\/hidrocultivo.online\/#organization\",\"name\":\"Hidroponia - Cultivo con agua\",\"url\":\"https:\/\/hidrocultivo.online\/\",\"logo\":{\"@type\":\"ImageObject\",\"inLanguage\":\"es\",\"@id\":\"https:\/\/hidrocultivo.online\/#\/schema\/logo\/image\/\",\"url\":\"https:\/\/hidrocultivo.online\/wp-content\/uploads\/2023\/07\/cropped-logo-hidrocultivo.png\",\"contentUrl\":\"https:\/\/hidrocultivo.online\/wp-content\/uploads\/2023\/07\/cropped-logo-hidrocultivo.png\",\"width\":381,\"height\":378,\"caption\":\"Hidroponia - Cultivo con agua\"},\"image\":{\"@id\":\"https:\/\/hidrocultivo.online\/#\/schema\/logo\/image\/\"}}]}<\/script>\n<!-- \/ Yoast SEO plugin. -->","yoast_head_json":{"title":"Productos - Hidroponia - cultivo con agua","robots":{"index":"index","follow":"follow","max-snippet":"max-snippet:-1","max-image-preview":"max-image-preview:large","max-video-preview":"max-video-preview:-1"},"canonical":"https:\/\/hidrocultivo.online\/?page_id=54","og_locale":"es_ES","og_type":"article","og_title":"Productos - Hidroponia - cultivo con agua","og_url":"https:\/\/hidrocultivo.online\/?page_id=54","og_site_name":"Hidroponia - cultivo con agua","article_modified_time":"2023-07-02T19:13:10+00:00","twitter_card":"summary_large_image","schema":{"@context":"https:\/\/schema.org","@graph":[{"@type":"WebPage","@id":"https:\/\/hidrocultivo.online\/?page_id=54","url":"https:\/\/hidrocultivo.online\/?page_id=54","name":"Productos - Hidroponia - cultivo con agua","isPartOf":{"@id":"https:\/\/hidrocultivo.online\/#website"},"datePublished":"2023-07-02T08:42:03+00:00","dateModified":"2023-07-02T19:13:10+00:00","breadcrumb":{"@id":"https:\/\/hidrocultivo.online\/?page_id=54#breadcrumb"},"inLanguage":"es","potentialAction":[{"@type":"ReadAction","target":["https:\/\/hidrocultivo.online\/?page_id=54"]}]},{"@type":"BreadcrumbList","@id":"https:\/\/hidrocultivo.online\/?page_id=54#breadcrumb","itemListElement":[{"@type":"ListItem","position":1,"name":"Portada","item":"https:\/\/hidrocultivo.online\/"},{"@type":"ListItem","position":2,"name":"Productos"}]},{"@type":"WebSite","@id":"https:\/\/hidrocultivo.online\/#website","url":"https:\/\/hidrocultivo.online\/","name":"Hidroponia - Cultivo con agua","description":"Descubre nuestra tienda online de jardiner\u00eda hidrop\u00f3nica, donde encontrar\u00e1s todo lo necesario para cultivar plantas de manera eficiente y sostenible. \u00a1Haz crecer tu propio para\u00edso verde!","publisher":{"@id":"https:\/\/hidrocultivo.online\/#organization"},"potentialAction":[{"@type":"SearchAction","target":{"@type":"EntryPoint","urlTemplate":"https:\/\/hidrocultivo.online\/?s={search_term_string}"},"query-input":{"@type":"PropertyValueSpecification","valueRequired":true,"valueName":"search_term_string"}}],"inLanguage":"es"},{"@type":"Organization","@id":"https:\/\/hidrocultivo.online\/#organization","name":"Hidroponia - Cultivo con agua","url":"https:\/\/hidrocultivo.online\/","logo":{"@type":"ImageObject","inLanguage":"es","@id":"https:\/\/hidrocultivo.online\/#\/schema\/logo\/image\/","url":"https:\/\/hidrocultivo.online\/wp-content\/uploads\/2023\/07\/cropped-logo-hidrocultivo.png","contentUrl":"https:\/\/hidrocultivo.online\/wp-content\/uploads\/2023\/07\/cropped-logo-hidrocultivo.png","width":381,"height":378,"caption":"Hidroponia - Cultivo con agua"},"image":{"@id":"https:\/\/hidrocultivo.online\/#\/schema\/logo\/image\/"}}]}},"_links":{"self":[{"href":"https:\/\/hidrocultivo.online\/index.php?rest_route=\/wp\/v2\/pages\/54","targetHints":{"allow":["GET"]}}],"collection":[{"href":"https:\/\/hidrocultivo.online\/index.php?rest_route=\/wp\/v2\/pages"}],"about":[{"href":"https:\/\/hidrocultivo.online\/index.php?rest_route=\/wp\/v2\/types\/page"}],"author":[{"embeddable":true,"href":"https:\/\/hidrocultivo.online\/index.php?rest_route=\/wp\/v2\/users\/1"}],"replies":[{"embeddable":true,"href":"https:\/\/hidrocultivo.online\/index.php?rest_route=%2Fwp%2Fv2%2Fcomments&post=54"}],"version-history":[{"count":4,"href":"https:\/\/hidrocultivo.online\/index.php?rest_route=\/wp\/v2\/pages\/54\/revisions"}],"predecessor-version":[{"id":142,"href":"https:\/\/hidrocultivo.online\/index.php?rest_route=\/wp\/v2\/pages\/54\/revisions\/142"}],"wp:attachment":[{"href":"https:\/\/hidrocultivo.online\/index.php?rest_route=%2Fwp%2Fv2%2Fmedia&parent=54"}],"curies":[{"name":"wp","href":"https:\/\/api.w.org\/{rel}","templated":true}]}}